{"id":1143,"date":"2023-01-07T17:11:27","date_gmt":"2023-01-07T17:11:27","guid":{"rendered":"https:\/\/stayapartment.hu\/vorstellung-jozsa\/"},"modified":"2023-07-03T12:35:53","modified_gmt":"2023-07-03T12:35:53","slug":"vorstellung-jozsa","status":"publish","type":"page","link":"https:\/\/stayapartment.hu\/de\/vorstellung-jozsa\/","title":{"rendered":"Vorstellung J\u00f3zsa"},"content":{"rendered":"\t\t<div data-elementor-type=\"wp-page\" data-elementor-id=\"1143\" class=\"elementor elementor-1143 elementor-114\">\n\t\t\t\t\t\t\t\t\t<section class=\"elementor-section elementor-top-section elementor-element elementor-element-271c5c5 elementor-section-height-min-height elementor-section-boxed elementor-section-height-default elementor-section-items-middle\" data-id=\"271c5c5\" data-element_type=\"section\" data-settings=\"{&quot;background_background&quot;:&quot;video&quot;,&quot;background_video_link&quot;:&quot;https:\\\/\\\/stayapartment.hu\\\/wp-content\\\/uploads\\\/2023\\\/07\\\/Homepage_1_tavasz.mp4&quot;}\">\n\t\t\t\t\t\t\t\t<div class=\"elementor-background-video-container elementor-hidden-phone\">\n\t\t\t\t\t\t\t\t\t\t\t\t\t<video class=\"elementor-background-video-hosted elementor-html5-video\" autoplay muted playsinline loop><\/video>\n\t\t\t\t\t\t\t\t\t\t\t<\/div>\n\t\t\t\t\t\t\t\t\t<div class=\"elementor-background-overlay\"><\/div>\n\t\t\t\t\t\t\t<div class=\"elementor-container elementor-column-gap-default\">\n\t\t\t\t\t<div class=\"elementor-column elementor-col-100 elementor-top-column elementor-element elementor-element-8a2916d\" data-id=\"8a2916d\" data-element_type=\"column\">\n\t\t\t<div class=\"elementor-widget-wrap\">\n\t\t\t\t\t\t\t\t\t<\/div>\n\t\t<\/div>\n\t\t\t\t\t\t\t<\/div>\n\t\t<\/section>\n\t\t\t\t<section class=\"elementor-section elementor-top-section elementor-element elementor-element-5b44ec1 elementor-section-boxed elementor-section-height-default elementor-section-height-default\" data-id=\"5b44ec1\" data-element_type=\"section\">\n\t\t\t\t\t\t\t<div class=\"elementor-background-overlay\"><\/div>\n\t\t\t\t\t\t\t<div class=\"elementor-container elementor-column-gap-default\">\n\t\t\t\t\t<div class=\"elementor-column elementor-col-100 elementor-top-column elementor-element elementor-element-ec20ef9\" data-id=\"ec20ef9\" data-element_type=\"column\">\n\t\t\t<div class=\"elementor-widget-wrap elementor-element-populated\">\n\t\t\t\t\t\t\t\t<div class=\"elementor-element elementor-element-7803aa2 elementor-widget elementor-widget-heading\" data-id=\"7803aa2\" data-element_type=\"widget\" data-widget_type=\"heading.default\">\n\t\t\t\t<div class=\"elementor-widget-container\">\n\t\t\t<style>\/*! elementor - v3.9.1 - 14-12-2022 *\/\n.elementor-heading-title{padding:0;margin:0;line-height:1}.elementor-widget-heading .elementor-heading-title[class*=elementor-size-]>a{color:inherit;font-size:inherit;line-height:inherit}.elementor-widget-heading .elementor-heading-title.elementor-size-small{font-size:15px}.elementor-widget-heading .elementor-heading-title.elementor-size-medium{font-size:19px}.elementor-widget-heading .elementor-heading-title.elementor-size-large{font-size:29px}.elementor-widget-heading .elementor-heading-title.elementor-size-xl{font-size:39px}.elementor-widget-heading .elementor-heading-title.elementor-size-xxl{font-size:59px}<\/style><h1 class=\"elementor-heading-title elementor-size-default\">VORSTELLUNG<\/h1>\t\t<\/div>\n\t\t\t\t<\/div>\n\t\t\t\t<section class=\"elementor-section elementor-inner-section elementor-element elementor-element-6d15bc1 elementor-section-boxed elementor-section-height-default elementor-section-height-default\" data-id=\"6d15bc1\" data-element_type=\"section\">\n\t\t\t\t\t\t<div class=\"elementor-container elementor-column-gap-wide\">\n\t\t\t\t\t<div class=\"elementor-column elementor-col-50 elementor-inner-column elementor-element elementor-element-357613c\" data-id=\"357613c\" data-element_type=\"column\">\n\t\t\t<div class=\"elementor-widget-wrap elementor-element-populated\">\n\t\t\t\t\t\t\t\t<div class=\"elementor-element elementor-element-43988b8 elementor-widget elementor-widget-image\" data-id=\"43988b8\" data-element_type=\"widget\" data-widget_type=\"image.default\">\n\t\t\t\t<div class=\"elementor-widget-container\">\n\t\t\t<style>\/*! elementor - v3.9.1 - 14-12-2022 *\/\n.elementor-widget-image{text-align:center}.elementor-widget-image a{display:inline-block}.elementor-widget-image a img[src$=\".svg\"]{width:48px}.elementor-widget-image img{vertical-align:middle;display:inline-block}<\/style>\t\t\t\t\t\t\t\t\t\t\t\t<img loading=\"lazy\" decoding=\"async\" width=\"800\" height=\"534\" src=\"https:\/\/stayapartment.hu\/wp-content\/uploads\/2023\/07\/Bemutatkozas1-1024x683.jpg\" class=\"attachment-large size-large wp-image-1262\" alt=\"Stay Apartment\" srcset=\"https:\/\/stayapartment.hu\/wp-content\/uploads\/2023\/07\/Bemutatkozas1-1024x683.jpg 1024w, https:\/\/stayapartment.hu\/wp-content\/uploads\/2023\/07\/Bemutatkozas1-300x200.jpg 300w, https:\/\/stayapartment.hu\/wp-content\/uploads\/2023\/07\/Bemutatkozas1-768x512.jpg 768w, https:\/\/stayapartment.hu\/wp-content\/uploads\/2023\/07\/Bemutatkozas1-1536x1024.jpg 1536w, https:\/\/stayapartment.hu\/wp-content\/uploads\/2023\/07\/Bemutatkozas1.jpg 1920w\" sizes=\"auto, (max-width: 800px) 100vw, 800px\" \/>\t\t\t\t\t\t\t\t\t\t\t\t\t\t\t<\/div>\n\t\t\t\t<\/div>\n\t\t\t\t\t<\/div>\n\t\t<\/div>\n\t\t\t\t<div class=\"elementor-column elementor-col-50 elementor-inner-column elementor-element elementor-element-572bbe5\" data-id=\"572bbe5\" data-element_type=\"column\">\n\t\t\t<div class=\"elementor-widget-wrap elementor-element-populated\">\n\t\t\t\t\t\t\t\t<div class=\"elementor-element elementor-element-7c9943e elementor-widget elementor-widget-text-editor\" data-id=\"7c9943e\" data-element_type=\"widget\" data-widget_type=\"text-editor.default\">\n\t\t\t\t<div class=\"elementor-widget-container\">\n\t\t\t<style>\/*! elementor - v3.9.1 - 14-12-2022 *\/\n.elementor-widget-text-editor.elementor-drop-cap-view-stacked .elementor-drop-cap{background-color:#818a91;color:#fff}.elementor-widget-text-editor.elementor-drop-cap-view-framed .elementor-drop-cap{color:#818a91;border:3px solid;background-color:transparent}.elementor-widget-text-editor:not(.elementor-drop-cap-view-default) .elementor-drop-cap{margin-top:8px}.elementor-widget-text-editor:not(.elementor-drop-cap-view-default) .elementor-drop-cap-letter{width:1em;height:1em}.elementor-widget-text-editor .elementor-drop-cap{float:left;text-align:center;line-height:1;font-size:50px}.elementor-widget-text-editor .elementor-drop-cap-letter{display:inline-block}<\/style>\t\t\t\t<p>Dryvit Profi GmbH. wurde im Jahre 2005 als vollst\u00e4ndig ungarisches Unternehmen gegr\u00fcndet. Unser Standort befindet sich in Debrecen.  <\/p>\n<p>Im Jahre 2020 haben wir ein gr\u00f6sses getr\u00e4umt: um die Wohnprobleme unsere- und in der Region t\u00e4tige Unternehmen zu l\u00f6sen, haben wir eine professionelle, zu spezielle Anspr\u00fcche der Arbeitgeber und Arbeitnehmer passende \u2013 Unterkunft gebaut, das Stay Appartement Debrecen.<\/p>\n<p>Wir haben unser Arbeiterheim in Debrecen, in der N\u00e4he von Wirtschaftszone Nordwest aufgebaut. Wir haben Platz f\u00fcr 184 G\u00e4ste. Unser Arbeiterheim wurde im Jahre 2020 \u00fcbergegeben und bietet hochertige Unterkunft und eine gem\u00fctliche Atmosph\u00e4re in der N\u00e4he des Stadtzentrums f\u00fcr diejenigen, die in der Gegend arbeiten. STAY Apartment befindet sich in Debrecen-J\u00f3zsa, knapp 3 Kilometer von der Kreisstadt entfernt, in einer gr\u00fcnen Umgebung, neben dem T\u00f3c\u00f3-Bach; gleichzeitig liegt es im integraler Kreislauf der Stadt.   <\/p>\n<p>Unser Apartmenthaus hat eine gem\u00fctliche Laune mit warme Farben und schn\u00f6rkelloser Stil, so die hier untergebrachte Arbeitnehmer k\u00f6nnen sich wie zuhause f\u00fchlen. Im Geb\u00e4ude mit Erdgeschoss + 2 Etagen wurden 46 Zimmer mit 2 + 2 Betten eingerichtet. <\/p>\n\t\t\t\t\t\t<\/div>\n\t\t\t\t<\/div>\n\t\t\t\t\t<\/div>\n\t\t<\/div>\n\t\t\t\t\t\t\t<\/div>\n\t\t<\/section>\n\t\t\t\t<section class=\"elementor-section elementor-inner-section elementor-element elementor-element-fefb3f3 elementor-section-boxed elementor-section-height-default elementor-section-height-default\" data-id=\"fefb3f3\" data-element_type=\"section\">\n\t\t\t\t\t\t<div class=\"elementor-container elementor-column-gap-wide\">\n\t\t\t\t\t<div class=\"elementor-column elementor-col-50 elementor-inner-column elementor-element elementor-element-c52dd23\" data-id=\"c52dd23\" data-element_type=\"column\">\n\t\t\t<div class=\"elementor-widget-wrap elementor-element-populated\">\n\t\t\t\t\t\t\t\t<div class=\"elementor-element elementor-element-a6b4f62 elementor-widget elementor-widget-text-editor\" data-id=\"a6b4f62\" data-element_type=\"widget\" data-widget_type=\"text-editor.default\">\n\t\t\t\t<div class=\"elementor-widget-container\">\n\t\t\t\t\t\t\t<p>Die klimatisierten Zimmer stehen in verschiedenen Gr\u00f6ssen zur Verf\u00fcgung und haben eigene, vollwertige K\u00fcche und Badezimmer.<\/p>\n<p>Um unseren G\u00e4sten eine komfortable Unterkunft mit g\u00fcnstigen Bedingungen zu bieten, wurden die Zimmer im Erdgeschoss mit Terasse, die Zimmer im ersten Stock mit Balkon oder Loggia, die Zimmer im Oberdeck grosse Terasse mit Schattenspender eingerichtet.<\/p>\n<p>Im Erdgeschoss steht ein gem\u00fctlicher klimatisierter Lounge mit Fernseher zur Verf\u00fcgung, und neben dem Eingang befindet sich ein Gesellschaftsraum mit Terrassenm\u00f6beln f\u00fcr das soziale Leben.<\/p>\n<p>Die Gemeinschaftsk\u00fcche auf allen Ebenen wurde zu\/f\u00fcr reichhaltiges Kochen und gemeinsame Mahlzeiten entworfen. Neben der Grundausstattung verf\u00fcgen die K\u00fcchen auch \u00fcber eine Kaffeemaschine, einen Wasserkocher und einen Toaster. <\/p>\n<p>Die G\u00e4ste k\u00f6nnen sich hinter dem Geb\u00e4ude, mit Aussicht auf der breite angelegte Garten, auf der grossen halb-abgedeckte Terrasse mit Gartenm\u00f6bel entspannen. Aus dem Balkon k\u00f6nnen wir die umliegenden W\u00e4lder bewundern.<\/p>\n<p>Im Sommer bietet der Kochplatz im Gartenbereich Gelegenheit zum abendlichen Kochen, Zusammenk\u00fcnften und Entspannung nach der Arbeit.<\/p>\n<p>Unsere G\u00e4ste, die mit dem Auto anreisen, k\u00f6nnen kostenlos auf dem Parkplatz direkt vor der Unterkunft auf unserem teilweise kamera\u00fcberwachten, geschlossenen Parkplatz parken.<\/p>\n<p>Die Betriebs- und Energiekosten unseres Geb\u00e4udes sind \u00e4u\u00dferst g\u00fcnstig. Dem K\u00fchl-Heiz-System dankend, was individuell aus Handy gesteuert werden kann, ist eine individuelle Kostenabrechnung pro Wohnung m\u00f6glich. <\/p>\n<p>Das Sicherheitsgef\u00fchl wird durch die 0-24-Stunden-Rezeption und den Sicherheitsdienst verst\u00e4rkt.<\/p>\n\t\t\t\t\t\t<\/div>\n\t\t\t\t<\/div>\n\t\t\t\t\t<\/div>\n\t\t<\/div>\n\t\t\t\t<div class=\"elementor-column elementor-col-50 elementor-inner-column elementor-element elementor-element-3c84d08\" data-id=\"3c84d08\" data-element_type=\"column\">\n\t\t\t<div class=\"elementor-widget-wrap elementor-element-populated\">\n\t\t\t\t\t\t\t\t<div class=\"elementor-element elementor-element-c505c3e elementor-widget elementor-widget-image\" data-id=\"c505c3e\" data-element_type=\"widget\" data-widget_type=\"image.default\">\n\t\t\t\t<div class=\"elementor-widget-container\">\n\t\t\t\t\t\t\t\t\t\t\t\t\t\t\t<img loading=\"lazy\" decoding=\"async\" width=\"683\" height=\"1024\" src=\"https:\/\/stayapartment.hu\/wp-content\/uploads\/2023\/01\/Stay-apartment-39-683x1024.jpg\" class=\"attachment-large size-large wp-image-1063\" alt=\"\" srcset=\"https:\/\/stayapartment.hu\/wp-content\/uploads\/2023\/01\/Stay-apartment-39-683x1024.jpg 683w, https:\/\/stayapartment.hu\/wp-content\/uploads\/2023\/01\/Stay-apartment-39-200x300.jpg 200w, https:\/\/stayapartment.hu\/wp-content\/uploads\/2023\/01\/Stay-apartment-39-768x1152.jpg 768w, https:\/\/stayapartment.hu\/wp-content\/uploads\/2023\/01\/Stay-apartment-39-1024x1536.jpg 1024w, https:\/\/stayapartment.hu\/wp-content\/uploads\/2023\/01\/Stay-apartment-39.jpg 1280w\" sizes=\"auto, (max-width: 683px) 100vw, 683px\" \/>\t\t\t\t\t\t\t\t\t\t\t\t\t\t\t<\/div>\n\t\t\t\t<\/div>\n\t\t\t\t\t<\/div>\n\t\t<\/div>\n\t\t\t\t\t\t\t<\/div>\n\t\t<\/section>\n\t\t\t\t<section class=\"elementor-section elementor-inner-section elementor-element elementor-element-15e7306 elementor-section-boxed elementor-section-height-default elementor-section-height-default\" data-id=\"15e7306\" data-element_type=\"section\">\n\t\t\t\t\t\t<div class=\"elementor-container elementor-column-gap-wide\">\n\t\t\t\t\t<div class=\"elementor-column elementor-col-50 elementor-inner-column elementor-element elementor-element-3ef3d61\" data-id=\"3ef3d61\" data-element_type=\"column\">\n\t\t\t<div class=\"elementor-widget-wrap elementor-element-populated\">\n\t\t\t\t\t\t\t\t<div class=\"elementor-element elementor-element-7886785 elementor-widget elementor-widget-image\" data-id=\"7886785\" data-element_type=\"widget\" data-widget_type=\"image.default\">\n\t\t\t\t<div class=\"elementor-widget-container\">\n\t\t\t\t\t\t\t\t\t\t\t\t\t\t\t<img loading=\"lazy\" decoding=\"async\" width=\"800\" height=\"534\" src=\"https:\/\/stayapartment.hu\/wp-content\/uploads\/2023\/01\/Stay-apartment-46-1024x683.jpg\" class=\"attachment-large size-large wp-image-1069\" alt=\"\" srcset=\"https:\/\/stayapartment.hu\/wp-content\/uploads\/2023\/01\/Stay-apartment-46-1024x683.jpg 1024w, https:\/\/stayapartment.hu\/wp-content\/uploads\/2023\/01\/Stay-apartment-46-300x200.jpg 300w, https:\/\/stayapartment.hu\/wp-content\/uploads\/2023\/01\/Stay-apartment-46-768x512.jpg 768w, https:\/\/stayapartment.hu\/wp-content\/uploads\/2023\/01\/Stay-apartment-46-1536x1024.jpg 1536w, https:\/\/stayapartment.hu\/wp-content\/uploads\/2023\/01\/Stay-apartment-46.jpg 1920w\" sizes=\"auto, (max-width: 800px) 100vw, 800px\" \/>\t\t\t\t\t\t\t\t\t\t\t\t\t\t\t<\/div>\n\t\t\t\t<\/div>\n\t\t\t\t\t<\/div>\n\t\t<\/div>\n\t\t\t\t<div class=\"elementor-column elementor-col-50 elementor-inner-column elementor-element elementor-element-37a0b39\" data-id=\"37a0b39\" data-element_type=\"column\">\n\t\t\t<div class=\"elementor-widget-wrap elementor-element-populated\">\n\t\t\t\t\t\t\t\t<div class=\"elementor-element elementor-element-5dba8d2 elementor-widget elementor-widget-text-editor\" data-id=\"5dba8d2\" data-element_type=\"widget\" data-widget_type=\"text-editor.default\">\n\t\t\t\t<div class=\"elementor-widget-container\">\n\t\t\t\t\t\t\t<p>Dank der perfekten Lage der Unterkunft k\u00f6nnen unsere G\u00e4ste hier v\u00f6llig autark sein: die K\u00fcche erf\u00fcllt alle Bed\u00fcrfnisse, alle Zutaten zum Kochen k\u00f6nnen in der Umgebung gekauft werden, aber gleichzeitig gibt es neben dem Arbeiterheim und in der N\u00e4he viele gute Restaurants, Gastst\u00e4tten, die auf die Suche nach kulinarischen K\u00f6stlichkeiten warten.<\/p>\n<p>F\u00fcr diejenigen, die sich entspannen und erholen m\u00f6chten, gibt es viele Freizeitaktivit\u00e4ten, Sightseeing, Wandern, Radfahren, Angeln, verschiedene Sportaktivit\u00e4ten in der Umgebung, aber es gibt ebenso ein reichhaltiges Angebot an anderen Programmen in der Stadt. In unserer Unterkunft k\u00f6nnen weitere Freizeitspiele angefragt werden. <\/p>\n\t\t\t\t\t\t<\/div>\n\t\t\t\t<\/div>\n\t\t\t\t\t<\/div>\n\t\t<\/div>\n\t\t\t\t\t\t\t<\/div>\n\t\t<\/section>\n\t\t\t\t<section class=\"elementor-section elementor-inner-section elementor-element elementor-element-dd750fd elementor-section-boxed elementor-section-height-default elementor-section-height-default\" data-id=\"dd750fd\" data-element_type=\"section\">\n\t\t\t\t\t\t<div class=\"elementor-container elementor-column-gap-wide\">\n\t\t\t\t\t<div class=\"elementor-column elementor-col-50 elementor-inner-column elementor-element elementor-element-00ecb08\" data-id=\"00ecb08\" data-element_type=\"column\">\n\t\t\t<div class=\"elementor-widget-wrap elementor-element-populated\">\n\t\t\t\t\t\t\t\t<div class=\"elementor-element elementor-element-19fe803 elementor-widget elementor-widget-text-editor\" data-id=\"19fe803\" data-element_type=\"widget\" data-widget_type=\"text-editor.default\">\n\t\t\t\t<div class=\"elementor-widget-container\">\n\t\t\t\t\t\t\t<p>Die Lage des \u201eSTAY Apartment Debrecen\u201d, die N\u00e4he zum Stadtzentrum und die geringe Entfernung zu den umliegenden St\u00e4dten machen die Herberge zu einem idealen Standort f\u00fcr die Mitarbeiter von Unternehmen, Firmen und Institutionen, auch f\u00fcr mehrere Jahre.<\/p>\n<\/p>\n<p>Anfahrt:<\/p>\n<p>Unser Appartementhaus erreichen Sie \u00fcber die Autobahn M35 und \u00fcber die Hauptstra\u00dfe Nr. 35 von Hajd\u00fab\u00f6sz\u00f6rm\u00e9ny und Debrecen. J\u00f3zsa kann mit der Bahn als Teil der Linie Debrecen-Tiszal\u00f6k erreicht werden. <\/p>\n<p>Es ist auch einfach erreichbar mit \u00f6ffentlichen Verkehrsmitteln, sowohl Fern- als auch Nahverkehr (zwischen Debrecen und J\u00f3zsa) ist sehr gut.<\/p>\n\t\t\t\t\t\t<\/div>\n\t\t\t\t<\/div>\n\t\t\t\t\t<\/div>\n\t\t<\/div>\n\t\t\t\t<div class=\"elementor-column elementor-col-50 elementor-inner-column elementor-element elementor-element-7ff086b\" data-id=\"7ff086b\" data-element_type=\"column\">\n\t\t\t<div class=\"elementor-widget-wrap elementor-element-populated\">\n\t\t\t\t\t\t\t\t<div class=\"elementor-element elementor-element-524c40b elementor-widget elementor-widget-image\" data-id=\"524c40b\" data-element_type=\"widget\" data-widget_type=\"image.default\">\n\t\t\t\t<div class=\"elementor-widget-container\">\n\t\t\t\t\t\t\t\t\t\t\t\t\t\t\t<img loading=\"lazy\" decoding=\"async\" width=\"800\" height=\"599\" src=\"https:\/\/stayapartment.hu\/wp-content\/uploads\/2023\/07\/Bemutatkozas2-1024x767.jpg\" class=\"attachment-large size-large wp-image-1256\" alt=\"Stay Apartment\" srcset=\"https:\/\/stayapartment.hu\/wp-content\/uploads\/2023\/07\/Bemutatkozas2-1024x767.jpg 1024w, https:\/\/stayapartment.hu\/wp-content\/uploads\/2023\/07\/Bemutatkozas2-300x225.jpg 300w, https:\/\/stayapartment.hu\/wp-content\/uploads\/2023\/07\/Bemutatkozas2-768x576.jpg 768w, https:\/\/stayapartment.hu\/wp-content\/uploads\/2023\/07\/Bemutatkozas2-1536x1151.jpg 1536w, https:\/\/stayapartment.hu\/wp-content\/uploads\/2023\/07\/Bemutatkozas2.jpg 1920w\" sizes=\"auto, (max-width: 800px) 100vw, 800px\" \/>\t\t\t\t\t\t\t\t\t\t\t\t\t\t\t<\/div>\n\t\t\t\t<\/div>\n\t\t\t\t\t<\/div>\n\t\t<\/div>\n\t\t\t\t\t\t\t<\/div>\n\t\t<\/section>\n\t\t\t\t\t<\/div>\n\t\t<\/div>\n\t\t\t\t\t\t\t<\/div>\n\t\t<\/section>\n\t\t\t\t\t\t\t<\/div>\n\t\t","protected":false},"excerpt":{"rendered":"<p>VORSTELLUNG Dryvit Profi GmbH. wurde im Jahre 2005 als vollst\u00e4ndig ungarisches Unternehmen gegr\u00fcndet. Unser Standort befindet sich in Debrecen. Im Jahre 2020 haben wir ein gr\u00f6sses getr\u00e4umt: um die Wohnprobleme unsere- und in der Region t\u00e4tige Unternehmen zu l\u00f6sen, haben wir eine professionelle, zu spezielle Anspr\u00fcche der Arbeitgeber und Arbeitnehmer passende \u2013 Unterkunft gebaut, das [&hellip;]<\/p>\n","protected":false},"author":1,"featured_media":0,"parent":0,"menu_order":0,"comment_status":"closed","ping_status":"closed","template":"elementor_header_footer","meta":{"footnotes":""},"class_list":["post-1143","page","type-page","status-publish","hentry"],"yoast_head":"<!-- This site is optimized with the Yoast SEO plugin v20.0 - https:\/\/yoast.com\/wordpress\/plugins\/seo\/ -->\n<title>Vorstellung J\u00f3zsa - Stay Apartment<\/title>\n<meta name=\"robots\" content=\"index, follow, max-snippet:-1, max-image-preview:large, max-video-preview:-1\" \/>\n<link rel=\"canonical\" href=\"https:\/\/stayapartment.hu\/de\/vorstellung-jozsa\/\" \/>\n<meta property=\"og:locale\" content=\"de_DE\" \/>\n<meta property=\"og:type\" content=\"article\" \/>\n<meta property=\"og:title\" content=\"Vorstellung J\u00f3zsa - Stay Apartment\" \/>\n<meta property=\"og:description\" content=\"VORSTELLUNG Dryvit Profi GmbH. wurde im Jahre 2005 als vollst\u00e4ndig ungarisches Unternehmen gegr\u00fcndet. Unser Standort befindet sich in Debrecen. Im Jahre 2020 haben wir ein gr\u00f6sses getr\u00e4umt: um die Wohnprobleme unsere- und in der Region t\u00e4tige Unternehmen zu l\u00f6sen, haben wir eine professionelle, zu spezielle Anspr\u00fcche der Arbeitgeber und Arbeitnehmer passende \u2013 Unterkunft gebaut, das [&hellip;]\" \/>\n<meta property=\"og:url\" content=\"https:\/\/stayapartment.hu\/de\/vorstellung-jozsa\/\" \/>\n<meta property=\"og:site_name\" content=\"Stay Apartment\" \/>\n<meta property=\"article:modified_time\" content=\"2023-07-03T12:35:53+00:00\" \/>\n<meta property=\"og:image\" content=\"https:\/\/stayapartment.hu\/wp-content\/uploads\/2023\/07\/Bemutatkozas1-1024x683.jpg\" \/>\n<meta name=\"twitter:card\" content=\"summary_large_image\" \/>\n<meta name=\"twitter:label1\" content=\"Gesch\u00e4tzte Lesezeit\" \/>\n\t<meta name=\"twitter:data1\" content=\"3\u00a0Minuten\" \/>\n<script type=\"application\/ld+json\" class=\"yoast-schema-graph\">{\"@context\":\"https:\/\/schema.org\",\"@graph\":[{\"@type\":\"WebPage\",\"@id\":\"https:\/\/stayapartment.hu\/de\/vorstellung-jozsa\/\",\"url\":\"https:\/\/stayapartment.hu\/de\/vorstellung-jozsa\/\",\"name\":\"Vorstellung J\u00f3zsa - Stay Apartment\",\"isPartOf\":{\"@id\":\"https:\/\/stayapartment.hu\/de\/#website\"},\"datePublished\":\"2023-01-07T17:11:27+00:00\",\"dateModified\":\"2023-07-03T12:35:53+00:00\",\"breadcrumb\":{\"@id\":\"https:\/\/stayapartment.hu\/de\/vorstellung-jozsa\/#breadcrumb\"},\"inLanguage\":\"de\",\"potentialAction\":[{\"@type\":\"ReadAction\",\"target\":[\"https:\/\/stayapartment.hu\/de\/vorstellung-jozsa\/\"]}]},{\"@type\":\"BreadcrumbList\",\"@id\":\"https:\/\/stayapartment.hu\/de\/vorstellung-jozsa\/#breadcrumb\",\"itemListElement\":[{\"@type\":\"ListItem\",\"position\":1,\"name\":\"Kezd\u0151lap\",\"item\":\"https:\/\/stayapartment.hu\/de\/hauptseite\/\"},{\"@type\":\"ListItem\",\"position\":2,\"name\":\"Vorstellung J\u00f3zsa\"}]},{\"@type\":\"WebSite\",\"@id\":\"https:\/\/stayapartment.hu\/de\/#website\",\"url\":\"https:\/\/stayapartment.hu\/de\/\",\"name\":\"Stay Apartment\",\"description\":\"My WordPress Blog\",\"publisher\":{\"@id\":\"https:\/\/stayapartment.hu\/de\/#organization\"},\"potentialAction\":[{\"@type\":\"SearchAction\",\"target\":{\"@type\":\"EntryPoint\",\"urlTemplate\":\"https:\/\/stayapartment.hu\/de\/?s={search_term_string}\"},\"query-input\":\"required name=search_term_string\"}],\"inLanguage\":\"de\"},{\"@type\":\"Organization\",\"@id\":\"https:\/\/stayapartment.hu\/de\/#organization\",\"name\":\"Stay Apartment\",\"url\":\"https:\/\/stayapartment.hu\/de\/\",\"logo\":{\"@type\":\"ImageObject\",\"inLanguage\":\"de\",\"@id\":\"https:\/\/stayapartment.hu\/de\/#\/schema\/logo\/image\/\",\"url\":\"https:\/\/stayapartment.hu\/wp-content\/uploads\/2022\/12\/Stay-Apartment-logo.png\",\"contentUrl\":\"https:\/\/stayapartment.hu\/wp-content\/uploads\/2022\/12\/Stay-Apartment-logo.png\",\"width\":388,\"height\":229,\"caption\":\"Stay Apartment\"},\"image\":{\"@id\":\"https:\/\/stayapartment.hu\/de\/#\/schema\/logo\/image\/\"}}]}<\/script>\n<!-- \/ Yoast SEO plugin. -->","yoast_head_json":{"title":"Vorstellung J\u00f3zsa - Stay Apartment","robots":{"index":"index","follow":"follow","max-snippet":"max-snippet:-1","max-image-preview":"max-image-preview:large","max-video-preview":"max-video-preview:-1"},"canonical":"https:\/\/stayapartment.hu\/de\/vorstellung-jozsa\/","og_locale":"de_DE","og_type":"article","og_title":"Vorstellung J\u00f3zsa - Stay Apartment","og_description":"VORSTELLUNG Dryvit Profi GmbH. wurde im Jahre 2005 als vollst\u00e4ndig ungarisches Unternehmen gegr\u00fcndet. Unser Standort befindet sich in Debrecen. Im Jahre 2020 haben wir ein gr\u00f6sses getr\u00e4umt: um die Wohnprobleme unsere- und in der Region t\u00e4tige Unternehmen zu l\u00f6sen, haben wir eine professionelle, zu spezielle Anspr\u00fcche der Arbeitgeber und Arbeitnehmer passende \u2013 Unterkunft gebaut, das [&hellip;]","og_url":"https:\/\/stayapartment.hu\/de\/vorstellung-jozsa\/","og_site_name":"Stay Apartment","article_modified_time":"2023-07-03T12:35:53+00:00","og_image":[{"url":"https:\/\/stayapartment.hu\/wp-content\/uploads\/2023\/07\/Bemutatkozas1-1024x683.jpg"}],"twitter_card":"summary_large_image","twitter_misc":{"Gesch\u00e4tzte Lesezeit":"3\u00a0Minuten"},"schema":{"@context":"https:\/\/schema.org","@graph":[{"@type":"WebPage","@id":"https:\/\/stayapartment.hu\/de\/vorstellung-jozsa\/","url":"https:\/\/stayapartment.hu\/de\/vorstellung-jozsa\/","name":"Vorstellung J\u00f3zsa - Stay Apartment","isPartOf":{"@id":"https:\/\/stayapartment.hu\/de\/#website"},"datePublished":"2023-01-07T17:11:27+00:00","dateModified":"2023-07-03T12:35:53+00:00","breadcrumb":{"@id":"https:\/\/stayapartment.hu\/de\/vorstellung-jozsa\/#breadcrumb"},"inLanguage":"de","potentialAction":[{"@type":"ReadAction","target":["https:\/\/stayapartment.hu\/de\/vorstellung-jozsa\/"]}]},{"@type":"BreadcrumbList","@id":"https:\/\/stayapartment.hu\/de\/vorstellung-jozsa\/#breadcrumb","itemListElement":[{"@type":"ListItem","position":1,"name":"Kezd\u0151lap","item":"https:\/\/stayapartment.hu\/de\/hauptseite\/"},{"@type":"ListItem","position":2,"name":"Vorstellung J\u00f3zsa"}]},{"@type":"WebSite","@id":"https:\/\/stayapartment.hu\/de\/#website","url":"https:\/\/stayapartment.hu\/de\/","name":"Stay Apartment","description":"My WordPress Blog","publisher":{"@id":"https:\/\/stayapartment.hu\/de\/#organization"},"potentialAction":[{"@type":"SearchAction","target":{"@type":"EntryPoint","urlTemplate":"https:\/\/stayapartment.hu\/de\/?s={search_term_string}"},"query-input":"required name=search_term_string"}],"inLanguage":"de"},{"@type":"Organization","@id":"https:\/\/stayapartment.hu\/de\/#organization","name":"Stay Apartment","url":"https:\/\/stayapartment.hu\/de\/","logo":{"@type":"ImageObject","inLanguage":"de","@id":"https:\/\/stayapartment.hu\/de\/#\/schema\/logo\/image\/","url":"https:\/\/stayapartment.hu\/wp-content\/uploads\/2022\/12\/Stay-Apartment-logo.png","contentUrl":"https:\/\/stayapartment.hu\/wp-content\/uploads\/2022\/12\/Stay-Apartment-logo.png","width":388,"height":229,"caption":"Stay Apartment"},"image":{"@id":"https:\/\/stayapartment.hu\/de\/#\/schema\/logo\/image\/"}}]}},"_links":{"self":[{"href":"https:\/\/stayapartment.hu\/de\/wp-json\/wp\/v2\/pages\/1143","targetHints":{"allow":["GET"]}}],"collection":[{"href":"https:\/\/stayapartment.hu\/de\/wp-json\/wp\/v2\/pages"}],"about":[{"href":"https:\/\/stayapartment.hu\/de\/wp-json\/wp\/v2\/types\/page"}],"author":[{"embeddable":true,"href":"https:\/\/stayapartment.hu\/de\/wp-json\/wp\/v2\/users\/1"}],"replies":[{"embeddable":true,"href":"https:\/\/stayapartment.hu\/de\/wp-json\/wp\/v2\/comments?post=1143"}],"version-history":[{"count":3,"href":"https:\/\/stayapartment.hu\/de\/wp-json\/wp\/v2\/pages\/1143\/revisions"}],"predecessor-version":[{"id":1353,"href":"https:\/\/stayapartment.hu\/de\/wp-json\/wp\/v2\/pages\/1143\/revisions\/1353"}],"wp:attachment":[{"href":"https:\/\/stayapartment.hu\/de\/wp-json\/wp\/v2\/media?parent=1143"}],"curies":[{"name":"wp","href":"https:\/\/api.w.org\/{rel}","templated":true}]}}