{"id":1132,"date":"2023-01-07T17:11:46","date_gmt":"2023-01-07T17:11:46","guid":{"rendered":"https:\/\/stayapartment.hu\/unsere-zimmer-jozsa\/"},"modified":"2023-07-03T09:06:25","modified_gmt":"2023-07-03T09:06:25","slug":"unsere-zimmer-jozsa","status":"publish","type":"page","link":"https:\/\/stayapartment.hu\/de\/unsere-zimmer-jozsa\/","title":{"rendered":"Unsere zimmer J\u00f3zsa"},"content":{"rendered":"\t\t<div data-elementor-type=\"wp-page\" data-elementor-id=\"1132\" class=\"elementor elementor-1132 elementor-116\">\n\t\t\t\t\t\t\t\t\t<section class=\"elementor-section elementor-top-section elementor-element elementor-element-d2d08cd elementor-section-height-min-height elementor-section-boxed elementor-section-height-default elementor-section-items-middle\" data-id=\"d2d08cd\" data-element_type=\"section\" data-settings=\"{&quot;background_background&quot;:&quot;video&quot;,&quot;background_video_link&quot;:&quot;https:\\\/\\\/stayapartment.hu\\\/wp-content\\\/uploads\\\/2023\\\/02\\\/Szobak.mp4&quot;}\">\n\t\t\t\t\t\t\t\t<div class=\"elementor-background-video-container elementor-hidden-phone\">\n\t\t\t\t\t\t\t\t\t\t\t\t\t<video class=\"elementor-background-video-hosted elementor-html5-video\" autoplay muted playsinline loop><\/video>\n\t\t\t\t\t\t\t\t\t\t\t<\/div>\n\t\t\t\t\t\t\t\t\t<div class=\"elementor-background-overlay\"><\/div>\n\t\t\t\t\t\t\t<div class=\"elementor-container elementor-column-gap-default\">\n\t\t\t\t\t<div class=\"elementor-column elementor-col-100 elementor-top-column elementor-element elementor-element-227ec6f\" data-id=\"227ec6f\" data-element_type=\"column\">\n\t\t\t<div class=\"elementor-widget-wrap\">\n\t\t\t\t\t\t\t\t\t<\/div>\n\t\t<\/div>\n\t\t\t\t\t\t\t<\/div>\n\t\t<\/section>\n\t\t\t\t<section class=\"elementor-section elementor-top-section elementor-element elementor-element-0666fae elementor-section-boxed elementor-section-height-default elementor-section-height-default\" data-id=\"0666fae\" data-element_type=\"section\">\n\t\t\t\t\t\t\t<div class=\"elementor-background-overlay\"><\/div>\n\t\t\t\t\t\t\t<div class=\"elementor-container elementor-column-gap-default\">\n\t\t\t\t\t<div class=\"elementor-column elementor-col-100 elementor-top-column elementor-element elementor-element-0d2f346\" data-id=\"0d2f346\" data-element_type=\"column\">\n\t\t\t<div class=\"elementor-widget-wrap elementor-element-populated\">\n\t\t\t\t\t\t\t\t<div class=\"elementor-element elementor-element-2eefc64 elementor-widget elementor-widget-heading\" data-id=\"2eefc64\" data-element_type=\"widget\" data-widget_type=\"heading.default\">\n\t\t\t\t<div class=\"elementor-widget-container\">\n\t\t\t<style>\/*! elementor - v3.9.1 - 14-12-2022 *\/\n.elementor-heading-title{padding:0;margin:0;line-height:1}.elementor-widget-heading .elementor-heading-title[class*=elementor-size-]>a{color:inherit;font-size:inherit;line-height:inherit}.elementor-widget-heading .elementor-heading-title.elementor-size-small{font-size:15px}.elementor-widget-heading .elementor-heading-title.elementor-size-medium{font-size:19px}.elementor-widget-heading .elementor-heading-title.elementor-size-large{font-size:29px}.elementor-widget-heading .elementor-heading-title.elementor-size-xl{font-size:39px}.elementor-widget-heading .elementor-heading-title.elementor-size-xxl{font-size:59px}<\/style><h1 class=\"elementor-heading-title elementor-size-default\">UNSERE ZIMMER<\/h1>\t\t<\/div>\n\t\t\t\t<\/div>\n\t\t\t\t<section class=\"elementor-section elementor-inner-section elementor-element elementor-element-79bef35 elementor-section-boxed elementor-section-height-default elementor-section-height-default\" data-id=\"79bef35\" data-element_type=\"section\">\n\t\t\t\t\t\t<div class=\"elementor-container elementor-column-gap-wide\">\n\t\t\t\t\t<div class=\"elementor-column elementor-col-50 elementor-inner-column elementor-element elementor-element-b2255c6\" data-id=\"b2255c6\" data-element_type=\"column\">\n\t\t\t<div class=\"elementor-widget-wrap elementor-element-populated\">\n\t\t\t\t\t\t\t\t<div class=\"elementor-element elementor-element-e9587d9 elementor-widget elementor-widget-image\" data-id=\"e9587d9\" data-element_type=\"widget\" data-widget_type=\"image.default\">\n\t\t\t\t<div class=\"elementor-widget-container\">\n\t\t\t<style>\/*! elementor - v3.9.1 - 14-12-2022 *\/\n.elementor-widget-image{text-align:center}.elementor-widget-image a{display:inline-block}.elementor-widget-image a img[src$=\".svg\"]{width:48px}.elementor-widget-image img{vertical-align:middle;display:inline-block}<\/style>\t\t\t\t\t\t\t\t\t\t\t\t<img loading=\"lazy\" decoding=\"async\" width=\"800\" height=\"533\" src=\"https:\/\/stayapartment.hu\/wp-content\/uploads\/2023\/01\/Szoba.jpg\" class=\"attachment-large size-large wp-image-1009\" alt=\"\" srcset=\"https:\/\/stayapartment.hu\/wp-content\/uploads\/2023\/01\/Szoba.jpg 900w, https:\/\/stayapartment.hu\/wp-content\/uploads\/2023\/01\/Szoba-300x200.jpg 300w, https:\/\/stayapartment.hu\/wp-content\/uploads\/2023\/01\/Szoba-768x512.jpg 768w\" sizes=\"auto, (max-width: 800px) 100vw, 800px\" \/>\t\t\t\t\t\t\t\t\t\t\t\t\t\t\t<\/div>\n\t\t\t\t<\/div>\n\t\t\t\t\t<\/div>\n\t\t<\/div>\n\t\t\t\t<div class=\"elementor-column elementor-col-50 elementor-inner-column elementor-element elementor-element-0b881e9\" data-id=\"0b881e9\" data-element_type=\"column\">\n\t\t\t<div class=\"elementor-widget-wrap elementor-element-populated\">\n\t\t\t\t\t\t\t\t<div class=\"elementor-element elementor-element-3519137 elementor-widget elementor-widget-heading\" data-id=\"3519137\" data-element_type=\"widget\" data-widget_type=\"heading.default\">\n\t\t\t\t<div class=\"elementor-widget-container\">\n\t\t\t<h3 class=\"elementor-heading-title elementor-size-default\">APPARTEMENT<\/h3>\t\t<\/div>\n\t\t\t\t<\/div>\n\t\t\t\t<div class=\"elementor-element elementor-element-5f7ef2c elementor-widget elementor-widget-text-editor\" data-id=\"5f7ef2c\" data-element_type=\"widget\" data-widget_type=\"text-editor.default\">\n\t\t\t\t<div class=\"elementor-widget-container\">\n\t\t\t<style>\/*! elementor - v3.9.1 - 14-12-2022 *\/\n.elementor-widget-text-editor.elementor-drop-cap-view-stacked .elementor-drop-cap{background-color:#818a91;color:#fff}.elementor-widget-text-editor.elementor-drop-cap-view-framed .elementor-drop-cap{color:#818a91;border:3px solid;background-color:transparent}.elementor-widget-text-editor:not(.elementor-drop-cap-view-default) .elementor-drop-cap{margin-top:8px}.elementor-widget-text-editor:not(.elementor-drop-cap-view-default) .elementor-drop-cap-letter{width:1em;height:1em}.elementor-widget-text-editor .elementor-drop-cap{float:left;text-align:center;line-height:1;font-size:50px}.elementor-widget-text-editor .elementor-drop-cap-letter{display:inline-block}<\/style>\t\t\t\t<p>In unserem Unterkunft mit Erdgeschoss + 2 Etagen wurden 46 Zimmer mit 2 + 2 Betten und 2 Krankenzimmer eingerichtet, insgesamt stehen unseren G\u00e4sten 184 Pl\u00e4tze zur Verf\u00fcgung.<\/p>\n<p>Unsere Zimmer sind komfortabel und elegant, mit modernen M\u00f6beln eingerichtet, praktisch ausgestattet. Alle Zimmer sind mit entsprechende Zahl der Betten, Nachttische, Leselampen, Kleiderb\u00fcgel, Sessel, Tische, St\u00fchle, Kleiderschranke, separate abschliessbare Schr\u00e4nke, Kleiderrechen und Schminkspiegel ausgestattet. <\/p>\n\t\t\t\t\t\t<\/div>\n\t\t\t\t<\/div>\n\t\t\t\t\t<\/div>\n\t\t<\/div>\n\t\t\t\t\t\t\t<\/div>\n\t\t<\/section>\n\t\t\t\t<section class=\"elementor-section elementor-inner-section elementor-element elementor-element-fc85c09 elementor-section-boxed elementor-section-height-default elementor-section-height-default\" data-id=\"fc85c09\" data-element_type=\"section\">\n\t\t\t\t\t\t<div class=\"elementor-container elementor-column-gap-wide\">\n\t\t\t\t\t<div class=\"elementor-column elementor-col-50 elementor-inner-column elementor-element elementor-element-b9b5fa0\" data-id=\"b9b5fa0\" data-element_type=\"column\">\n\t\t\t<div class=\"elementor-widget-wrap elementor-element-populated\">\n\t\t\t\t\t\t\t\t<div class=\"elementor-element elementor-element-059e42a elementor-widget elementor-widget-heading\" data-id=\"059e42a\" data-element_type=\"widget\" data-widget_type=\"heading.default\">\n\t\t\t\t<div class=\"elementor-widget-container\">\n\t\t\t<h3 class=\"elementor-heading-title elementor-size-default\">K\u00dcCHENBLOCK<\/h3>\t\t<\/div>\n\t\t\t\t<\/div>\n\t\t\t\t<div class=\"elementor-element elementor-element-2b1fc6f elementor-widget elementor-widget-text-editor\" data-id=\"2b1fc6f\" data-element_type=\"widget\" data-widget_type=\"text-editor.default\">\n\t\t\t\t<div class=\"elementor-widget-container\">\n\t\t\t\t\t\t\t<p>Jedes Zimmer verf\u00fcgt \u00fcber einen eigenen, gut ausgestatteten K\u00fcchenblock mit K\u00fcchenschrank, eingebautem K\u00fchlschrank, Einzelkocher, Einbeckensp\u00fcle, Mikrowelle und Essbesteck.<\/p>\n\t\t\t\t\t\t<\/div>\n\t\t\t\t<\/div>\n\t\t\t\t\t<\/div>\n\t\t<\/div>\n\t\t\t\t<div class=\"elementor-column elementor-col-50 elementor-inner-column elementor-element elementor-element-2cb0433\" data-id=\"2cb0433\" data-element_type=\"column\">\n\t\t\t<div class=\"elementor-widget-wrap elementor-element-populated\">\n\t\t\t\t\t\t\t\t<div class=\"elementor-element elementor-element-1a39d90 elementor-widget elementor-widget-image\" data-id=\"1a39d90\" data-element_type=\"widget\" data-widget_type=\"image.default\">\n\t\t\t\t<div class=\"elementor-widget-container\">\n\t\t\t\t\t\t\t\t\t\t\t\t\t\t\t<img loading=\"lazy\" decoding=\"async\" width=\"600\" height=\"600\" src=\"https:\/\/stayapartment.hu\/wp-content\/uploads\/2023\/01\/Konyhablokk-2.jpg\" class=\"attachment-large size-large wp-image-1015\" alt=\"\" srcset=\"https:\/\/stayapartment.hu\/wp-content\/uploads\/2023\/01\/Konyhablokk-2.jpg 600w, https:\/\/stayapartment.hu\/wp-content\/uploads\/2023\/01\/Konyhablokk-2-300x300.jpg 300w, https:\/\/stayapartment.hu\/wp-content\/uploads\/2023\/01\/Konyhablokk-2-150x150.jpg 150w\" sizes=\"auto, (max-width: 600px) 100vw, 600px\" \/>\t\t\t\t\t\t\t\t\t\t\t\t\t\t\t<\/div>\n\t\t\t\t<\/div>\n\t\t\t\t\t<\/div>\n\t\t<\/div>\n\t\t\t\t\t\t\t<\/div>\n\t\t<\/section>\n\t\t\t\t<section class=\"elementor-section elementor-inner-section elementor-element elementor-element-817fc0d elementor-section-boxed elementor-section-height-default elementor-section-height-default\" data-id=\"817fc0d\" data-element_type=\"section\">\n\t\t\t\t\t\t<div class=\"elementor-container elementor-column-gap-wide\">\n\t\t\t\t\t<div class=\"elementor-column elementor-col-50 elementor-inner-column elementor-element elementor-element-d1fe85f\" data-id=\"d1fe85f\" data-element_type=\"column\">\n\t\t\t<div class=\"elementor-widget-wrap elementor-element-populated\">\n\t\t\t\t\t\t\t\t<div class=\"elementor-element elementor-element-4aa769f elementor-widget elementor-widget-image\" data-id=\"4aa769f\" data-element_type=\"widget\" data-widget_type=\"image.default\">\n\t\t\t\t<div class=\"elementor-widget-container\">\n\t\t\t\t\t\t\t\t\t\t\t\t\t\t\t<img loading=\"lazy\" decoding=\"async\" width=\"800\" height=\"533\" src=\"https:\/\/stayapartment.hu\/wp-content\/uploads\/2023\/01\/Furdoszoba-2.jpg\" class=\"attachment-large size-large wp-image-1011\" alt=\"\" srcset=\"https:\/\/stayapartment.hu\/wp-content\/uploads\/2023\/01\/Furdoszoba-2.jpg 900w, https:\/\/stayapartment.hu\/wp-content\/uploads\/2023\/01\/Furdoszoba-2-300x200.jpg 300w, https:\/\/stayapartment.hu\/wp-content\/uploads\/2023\/01\/Furdoszoba-2-768x512.jpg 768w\" sizes=\"auto, (max-width: 800px) 100vw, 800px\" \/>\t\t\t\t\t\t\t\t\t\t\t\t\t\t\t<\/div>\n\t\t\t\t<\/div>\n\t\t\t\t\t<\/div>\n\t\t<\/div>\n\t\t\t\t<div class=\"elementor-column elementor-col-50 elementor-inner-column elementor-element elementor-element-a9a8463\" data-id=\"a9a8463\" data-element_type=\"column\">\n\t\t\t<div class=\"elementor-widget-wrap elementor-element-populated\">\n\t\t\t\t\t\t\t\t<div class=\"elementor-element elementor-element-a7c7cfd elementor-widget elementor-widget-heading\" data-id=\"a7c7cfd\" data-element_type=\"widget\" data-widget_type=\"heading.default\">\n\t\t\t\t<div class=\"elementor-widget-container\">\n\t\t\t<h3 class=\"elementor-heading-title elementor-size-default\">BADEZIMMER<\/h3>\t\t<\/div>\n\t\t\t\t<\/div>\n\t\t\t\t<div class=\"elementor-element elementor-element-15401c1 elementor-widget elementor-widget-text-editor\" data-id=\"15401c1\" data-element_type=\"widget\" data-widget_type=\"text-editor.default\">\n\t\t\t\t<div class=\"elementor-widget-container\">\n\t\t\t\t\t\t\t<p>Unsere Zimmer verf\u00fcgen \u00fcber ein separates Badezimmer mit Duschkabine, WC, Waschbecken, Duschgel mit Spender, Spiegel, Badezimmer Regal und Handtuchhalter. Pro Person ein Badetuch, ein Handtuch und eine Badematte pro Badezimmer stehen unseren G\u00e4sten zur Verf\u00fcgung. <\/p>\n\t\t\t\t\t\t<\/div>\n\t\t\t\t<\/div>\n\t\t\t\t\t<\/div>\n\t\t<\/div>\n\t\t\t\t\t\t\t<\/div>\n\t\t<\/section>\n\t\t\t\t<section class=\"elementor-section elementor-inner-section elementor-element elementor-element-2a1feee elementor-section-boxed elementor-section-height-default elementor-section-height-default\" data-id=\"2a1feee\" data-element_type=\"section\">\n\t\t\t\t\t\t<div class=\"elementor-container elementor-column-gap-default\">\n\t\t\t\t\t<div class=\"elementor-column elementor-col-50 elementor-inner-column elementor-element elementor-element-f099320\" data-id=\"f099320\" data-element_type=\"column\">\n\t\t\t<div class=\"elementor-widget-wrap elementor-element-populated\">\n\t\t\t\t\t\t\t\t<div class=\"elementor-element elementor-element-a4bbe3d elementor-widget elementor-widget-heading\" data-id=\"a4bbe3d\" data-element_type=\"widget\" data-widget_type=\"heading.default\">\n\t\t\t\t<div class=\"elementor-widget-container\">\n\t\t\t<h3 class=\"elementor-heading-title elementor-size-default\">KOMFORT<\/h3>\t\t<\/div>\n\t\t\t\t<\/div>\n\t\t\t\t<div class=\"elementor-element elementor-element-223f3b4 elementor-widget elementor-widget-text-editor\" data-id=\"223f3b4\" data-element_type=\"widget\" data-widget_type=\"text-editor.default\">\n\t\t\t\t<div class=\"elementor-widget-container\">\n\t\t\t\t\t\t\t<p>Spass wird durch einen 40-Zoll-Fernseher (101 cm Bildschirmdiagonale) sowie kostenlosen Zugang zum Internet-Netzwerk garantiert. Das Komfortgef\u00fchl wird durch die Zimmer im Erdgeschoss mit Terasse, die Zimmer im ersten Stock mit Balkon oder Loggia in verschiedenen Gr\u00f6ssen, die Zimmer im zweiten Stock grosse Terasse mit Schattenspender garantiert.<\/p>\n<p>Eigene Bed\u00fcrfnisse werden durch individuell regulierbare Klimaanlage und K\u00fchl-Heiz-System erf\u00fcllt, was individuell aus Handy gesteuert werden kann, ist eine individuelle Kostenabrechnung pro Wohnung m\u00f6glich.<\/p>\n\t\t\t\t\t\t<\/div>\n\t\t\t\t<\/div>\n\t\t\t\t\t<\/div>\n\t\t<\/div>\n\t\t\t\t<div class=\"elementor-column elementor-col-50 elementor-inner-column elementor-element elementor-element-28926b2\" data-id=\"28926b2\" data-element_type=\"column\">\n\t\t\t<div class=\"elementor-widget-wrap elementor-element-populated\">\n\t\t\t\t\t\t\t\t<div class=\"elementor-element elementor-element-18bede0 elementor-widget elementor-widget-image\" data-id=\"18bede0\" data-element_type=\"widget\" data-widget_type=\"image.default\">\n\t\t\t\t<div class=\"elementor-widget-container\">\n\t\t\t\t\t\t\t\t\t\t\t\t\t\t\t<img loading=\"lazy\" decoding=\"async\" width=\"800\" height=\"533\" src=\"https:\/\/stayapartment.hu\/wp-content\/uploads\/2023\/01\/Kenyelem-2.jpg\" class=\"attachment-large size-large wp-image-1013\" alt=\"\" srcset=\"https:\/\/stayapartment.hu\/wp-content\/uploads\/2023\/01\/Kenyelem-2.jpg 900w, https:\/\/stayapartment.hu\/wp-content\/uploads\/2023\/01\/Kenyelem-2-300x200.jpg 300w, https:\/\/stayapartment.hu\/wp-content\/uploads\/2023\/01\/Kenyelem-2-768x512.jpg 768w\" sizes=\"auto, (max-width: 800px) 100vw, 800px\" \/>\t\t\t\t\t\t\t\t\t\t\t\t\t\t\t<\/div>\n\t\t\t\t<\/div>\n\t\t\t\t\t<\/div>\n\t\t<\/div>\n\t\t\t\t\t\t\t<\/div>\n\t\t<\/section>\n\t\t\t\t\t<\/div>\n\t\t<\/div>\n\t\t\t\t\t\t\t<\/div>\n\t\t<\/section>\n\t\t\t\t\t\t\t<\/div>\n\t\t","protected":false},"excerpt":{"rendered":"<p>UNSERE ZIMMER APPARTEMENT In unserem Unterkunft mit Erdgeschoss + 2 Etagen wurden 46 Zimmer mit 2 + 2 Betten und 2 Krankenzimmer eingerichtet, insgesamt stehen unseren G\u00e4sten 184 Pl\u00e4tze zur Verf\u00fcgung. Unsere Zimmer sind komfortabel und elegant, mit modernen M\u00f6beln eingerichtet, praktisch ausgestattet. Alle Zimmer sind mit entsprechende Zahl der Betten, Nachttische, Leselampen, Kleiderb\u00fcgel, Sessel, [&hellip;]<\/p>\n","protected":false},"author":1,"featured_media":0,"parent":0,"menu_order":0,"comment_status":"closed","ping_status":"closed","template":"elementor_header_footer","meta":{"footnotes":""},"class_list":["post-1132","page","type-page","status-publish","hentry"],"yoast_head":"<!-- This site is optimized with the Yoast SEO plugin v20.0 - https:\/\/yoast.com\/wordpress\/plugins\/seo\/ -->\n<title>Unsere zimmer J\u00f3zsa - Stay Apartment<\/title>\n<meta name=\"robots\" content=\"index, follow, max-snippet:-1, max-image-preview:large, max-video-preview:-1\" \/>\n<link rel=\"canonical\" href=\"https:\/\/stayapartment.hu\/de\/unsere-zimmer-jozsa\/\" \/>\n<meta property=\"og:locale\" content=\"de_DE\" \/>\n<meta property=\"og:type\" content=\"article\" \/>\n<meta property=\"og:title\" content=\"Unsere zimmer J\u00f3zsa - Stay Apartment\" \/>\n<meta property=\"og:description\" content=\"UNSERE ZIMMER APPARTEMENT In unserem Unterkunft mit Erdgeschoss + 2 Etagen wurden 46 Zimmer mit 2 + 2 Betten und 2 Krankenzimmer eingerichtet, insgesamt stehen unseren G\u00e4sten 184 Pl\u00e4tze zur Verf\u00fcgung. Unsere Zimmer sind komfortabel und elegant, mit modernen M\u00f6beln eingerichtet, praktisch ausgestattet. Alle Zimmer sind mit entsprechende Zahl der Betten, Nachttische, Leselampen, Kleiderb\u00fcgel, Sessel, [&hellip;]\" \/>\n<meta property=\"og:url\" content=\"https:\/\/stayapartment.hu\/de\/unsere-zimmer-jozsa\/\" \/>\n<meta property=\"og:site_name\" content=\"Stay Apartment\" \/>\n<meta property=\"article:modified_time\" content=\"2023-07-03T09:06:25+00:00\" \/>\n<meta property=\"og:image\" content=\"https:\/\/stayapartment.hu\/wp-content\/uploads\/2023\/01\/Szoba.jpg\" \/>\n<meta name=\"twitter:card\" content=\"summary_large_image\" \/>\n<meta name=\"twitter:label1\" content=\"Gesch\u00e4tzte Lesezeit\" \/>\n\t<meta name=\"twitter:data1\" content=\"1\u00a0Minute\" \/>\n<script type=\"application\/ld+json\" class=\"yoast-schema-graph\">{\"@context\":\"https:\/\/schema.org\",\"@graph\":[{\"@type\":\"WebPage\",\"@id\":\"https:\/\/stayapartment.hu\/de\/unsere-zimmer-jozsa\/\",\"url\":\"https:\/\/stayapartment.hu\/de\/unsere-zimmer-jozsa\/\",\"name\":\"Unsere zimmer J\u00f3zsa - Stay Apartment\",\"isPartOf\":{\"@id\":\"https:\/\/stayapartment.hu\/de\/#website\"},\"datePublished\":\"2023-01-07T17:11:46+00:00\",\"dateModified\":\"2023-07-03T09:06:25+00:00\",\"breadcrumb\":{\"@id\":\"https:\/\/stayapartment.hu\/de\/unsere-zimmer-jozsa\/#breadcrumb\"},\"inLanguage\":\"de\",\"potentialAction\":[{\"@type\":\"ReadAction\",\"target\":[\"https:\/\/stayapartment.hu\/de\/unsere-zimmer-jozsa\/\"]}]},{\"@type\":\"BreadcrumbList\",\"@id\":\"https:\/\/stayapartment.hu\/de\/unsere-zimmer-jozsa\/#breadcrumb\",\"itemListElement\":[{\"@type\":\"ListItem\",\"position\":1,\"name\":\"Kezd\u0151lap\",\"item\":\"https:\/\/stayapartment.hu\/de\/hauptseite\/\"},{\"@type\":\"ListItem\",\"position\":2,\"name\":\"Unsere zimmer J\u00f3zsa\"}]},{\"@type\":\"WebSite\",\"@id\":\"https:\/\/stayapartment.hu\/de\/#website\",\"url\":\"https:\/\/stayapartment.hu\/de\/\",\"name\":\"Stay Apartment\",\"description\":\"My WordPress Blog\",\"publisher\":{\"@id\":\"https:\/\/stayapartment.hu\/de\/#organization\"},\"potentialAction\":[{\"@type\":\"SearchAction\",\"target\":{\"@type\":\"EntryPoint\",\"urlTemplate\":\"https:\/\/stayapartment.hu\/de\/?s={search_term_string}\"},\"query-input\":\"required name=search_term_string\"}],\"inLanguage\":\"de\"},{\"@type\":\"Organization\",\"@id\":\"https:\/\/stayapartment.hu\/de\/#organization\",\"name\":\"Stay Apartment\",\"url\":\"https:\/\/stayapartment.hu\/de\/\",\"logo\":{\"@type\":\"ImageObject\",\"inLanguage\":\"de\",\"@id\":\"https:\/\/stayapartment.hu\/de\/#\/schema\/logo\/image\/\",\"url\":\"https:\/\/stayapartment.hu\/wp-content\/uploads\/2022\/12\/Stay-Apartment-logo.png\",\"contentUrl\":\"https:\/\/stayapartment.hu\/wp-content\/uploads\/2022\/12\/Stay-Apartment-logo.png\",\"width\":388,\"height\":229,\"caption\":\"Stay Apartment\"},\"image\":{\"@id\":\"https:\/\/stayapartment.hu\/de\/#\/schema\/logo\/image\/\"}}]}<\/script>\n<!-- \/ Yoast SEO plugin. -->","yoast_head_json":{"title":"Unsere zimmer J\u00f3zsa - Stay Apartment","robots":{"index":"index","follow":"follow","max-snippet":"max-snippet:-1","max-image-preview":"max-image-preview:large","max-video-preview":"max-video-preview:-1"},"canonical":"https:\/\/stayapartment.hu\/de\/unsere-zimmer-jozsa\/","og_locale":"de_DE","og_type":"article","og_title":"Unsere zimmer J\u00f3zsa - Stay Apartment","og_description":"UNSERE ZIMMER APPARTEMENT In unserem Unterkunft mit Erdgeschoss + 2 Etagen wurden 46 Zimmer mit 2 + 2 Betten und 2 Krankenzimmer eingerichtet, insgesamt stehen unseren G\u00e4sten 184 Pl\u00e4tze zur Verf\u00fcgung. Unsere Zimmer sind komfortabel und elegant, mit modernen M\u00f6beln eingerichtet, praktisch ausgestattet. Alle Zimmer sind mit entsprechende Zahl der Betten, Nachttische, Leselampen, Kleiderb\u00fcgel, Sessel, [&hellip;]","og_url":"https:\/\/stayapartment.hu\/de\/unsere-zimmer-jozsa\/","og_site_name":"Stay Apartment","article_modified_time":"2023-07-03T09:06:25+00:00","og_image":[{"url":"https:\/\/stayapartment.hu\/wp-content\/uploads\/2023\/01\/Szoba.jpg"}],"twitter_card":"summary_large_image","twitter_misc":{"Gesch\u00e4tzte Lesezeit":"1\u00a0Minute"},"schema":{"@context":"https:\/\/schema.org","@graph":[{"@type":"WebPage","@id":"https:\/\/stayapartment.hu\/de\/unsere-zimmer-jozsa\/","url":"https:\/\/stayapartment.hu\/de\/unsere-zimmer-jozsa\/","name":"Unsere zimmer J\u00f3zsa - Stay Apartment","isPartOf":{"@id":"https:\/\/stayapartment.hu\/de\/#website"},"datePublished":"2023-01-07T17:11:46+00:00","dateModified":"2023-07-03T09:06:25+00:00","breadcrumb":{"@id":"https:\/\/stayapartment.hu\/de\/unsere-zimmer-jozsa\/#breadcrumb"},"inLanguage":"de","potentialAction":[{"@type":"ReadAction","target":["https:\/\/stayapartment.hu\/de\/unsere-zimmer-jozsa\/"]}]},{"@type":"BreadcrumbList","@id":"https:\/\/stayapartment.hu\/de\/unsere-zimmer-jozsa\/#breadcrumb","itemListElement":[{"@type":"ListItem","position":1,"name":"Kezd\u0151lap","item":"https:\/\/stayapartment.hu\/de\/hauptseite\/"},{"@type":"ListItem","position":2,"name":"Unsere zimmer J\u00f3zsa"}]},{"@type":"WebSite","@id":"https:\/\/stayapartment.hu\/de\/#website","url":"https:\/\/stayapartment.hu\/de\/","name":"Stay Apartment","description":"My WordPress Blog","publisher":{"@id":"https:\/\/stayapartment.hu\/de\/#organization"},"potentialAction":[{"@type":"SearchAction","target":{"@type":"EntryPoint","urlTemplate":"https:\/\/stayapartment.hu\/de\/?s={search_term_string}"},"query-input":"required name=search_term_string"}],"inLanguage":"de"},{"@type":"Organization","@id":"https:\/\/stayapartment.hu\/de\/#organization","name":"Stay Apartment","url":"https:\/\/stayapartment.hu\/de\/","logo":{"@type":"ImageObject","inLanguage":"de","@id":"https:\/\/stayapartment.hu\/de\/#\/schema\/logo\/image\/","url":"https:\/\/stayapartment.hu\/wp-content\/uploads\/2022\/12\/Stay-Apartment-logo.png","contentUrl":"https:\/\/stayapartment.hu\/wp-content\/uploads\/2022\/12\/Stay-Apartment-logo.png","width":388,"height":229,"caption":"Stay Apartment"},"image":{"@id":"https:\/\/stayapartment.hu\/de\/#\/schema\/logo\/image\/"}}]}},"_links":{"self":[{"href":"https:\/\/stayapartment.hu\/de\/wp-json\/wp\/v2\/pages\/1132","targetHints":{"allow":["GET"]}}],"collection":[{"href":"https:\/\/stayapartment.hu\/de\/wp-json\/wp\/v2\/pages"}],"about":[{"href":"https:\/\/stayapartment.hu\/de\/wp-json\/wp\/v2\/types\/page"}],"author":[{"embeddable":true,"href":"https:\/\/stayapartment.hu\/de\/wp-json\/wp\/v2\/users\/1"}],"replies":[{"embeddable":true,"href":"https:\/\/stayapartment.hu\/de\/wp-json\/wp\/v2\/comments?post=1132"}],"version-history":[{"count":4,"href":"https:\/\/stayapartment.hu\/de\/wp-json\/wp\/v2\/pages\/1132\/revisions"}],"predecessor-version":[{"id":1248,"href":"https:\/\/stayapartment.hu\/de\/wp-json\/wp\/v2\/pages\/1132\/revisions\/1248"}],"wp:attachment":[{"href":"https:\/\/stayapartment.hu\/de\/wp-json\/wp\/v2\/media?parent=1132"}],"curies":[{"name":"wp","href":"https:\/\/api.w.org\/{rel}","templated":true}]}}